{"id":13,"date":"2026-05-03T15:19:24","date_gmt":"2026-05-03T13:19:24","guid":{"rendered":"http:\/\/infonation.pl\/?page_id=13"},"modified":"2026-05-03T15:56:08","modified_gmt":"2026-05-03T13:56:08","slug":"home","status":"publish","type":"page","link":"https:\/\/infonation.pl\/","title":{"rendered":"Kontynenty"},"content":{"rendered":"\n<figure class=\"wp-block-table\"><table class=\"has-fixed-layout\"><tbody><tr><td><br><div class=\"map_wrapper\" id=\"map_wrapper_7\">\n<div class=\"map_box\" style=\"max-width:2000px\">\n<div class=\"map_aspect_ratio\" style=\"padding-top:56%\" data-padding-top=\"56%\" data-padding-top-mobile=\"0%\">\n<div class=\"map_container\">\n<div class=\"map_render map_loading\" id=\"map_7\"><\/div>\n<\/div>\n<\/div>\n<\/div>\n<\/div><\/td><\/tr><\/tbody><\/table><\/figure>\n\n\n\n<p><a href=\"https:\/\/tvn24.pl\/biznes\/turystyka\/ryanair-krytykuje-polski-rzad-i-apeluje-o-wstrzymanie-nowego-systemu-ees-na-lotniskach-st9028406\">Gigant lotniczy apeluje do&nbsp;polskiego rz\u0105du. &#8222;Sp\u00f3\u017aniaj\u0105 si\u0119 na&nbsp;swoje loty&#8221;<\/a><\/p>\n\n\n\n<p><\/p>\n","protected":false},"excerpt":{"rendered":"<p>Gigant lotniczy apeluje do&nbsp;polskiego rz\u0105du. &#8222;Sp\u00f3\u017aniaj\u0105 si\u0119 na&nbsp;swoje loty&#8221;<\/p>\n","protected":false},"author":1,"featured_media":0,"parent":0,"menu_order":0,"comment_status":"closed","ping_status":"closed","template":"","meta":{"_kad_post_transparent":"disable","_kad_post_title":"hide","_kad_post_layout":"","_kad_post_sidebar_id":"","_kad_post_content_style":"unboxed","_kad_post_vertical_padding":"","_kad_post_feature":"","_kad_post_feature_position":"","_kad_post_header":true,"_kad_post_footer":true,"_kad_post_classname":"","footnotes":""},"class_list":["post-13","page","type-page","status-publish","hentry"],"_links":{"self":[{"href":"https:\/\/infonation.pl\/index.php?rest_route=\/wp\/v2\/pages\/13","targetHints":{"allow":["GET"]}}],"collection":[{"href":"https:\/\/infonation.pl\/index.php?rest_route=\/wp\/v2\/pages"}],"about":[{"href":"https:\/\/infonation.pl\/index.php?rest_route=\/wp\/v2\/types\/page"}],"author":[{"embeddable":true,"href":"https:\/\/infonation.pl\/index.php?rest_route=\/wp\/v2\/users\/1"}],"replies":[{"embeddable":true,"href":"https:\/\/infonation.pl\/index.php?rest_route=%2Fwp%2Fv2%2Fcomments&post=13"}],"version-history":[{"count":8,"href":"https:\/\/infonation.pl\/index.php?rest_route=\/wp\/v2\/pages\/13\/revisions"}],"predecessor-version":[{"id":34,"href":"https:\/\/infonation.pl\/index.php?rest_route=\/wp\/v2\/pages\/13\/revisions\/34"}],"wp:attachment":[{"href":"https:\/\/infonation.pl\/index.php?rest_route=%2Fwp%2Fv2%2Fmedia&parent=13"}],"curies":[{"name":"wp","href":"https:\/\/api.w.org\/{rel}","templated":true}]}}